{"id":90,"date":"2011-06-02T13:18:15","date_gmt":"2011-06-02T13:18:15","guid":{"rendered":"http:\/\/www.sbdbilina.cz\/?page_id=90"},"modified":"2015-10-23T08:19:37","modified_gmt":"2015-10-23T08:19:37","slug":"televize","status":"publish","type":"page","link":"https:\/\/www.sbdbilina.cz\/?page_id=90","title":{"rendered":"Internet a televize"},"content":{"rendered":"<p>V n\u00e1sleduj\u00edc\u00edch objektech SBD B\u00edlina je k dispozici digit\u00e1ln\u00ed televize a vysokorychlostn\u00ed p\u0159ipojen\u00ed k internetu od spole\u010dnosti <a href=\"http:\/\/www.softex.cz\" target=\"_blank\">SOFTEX<\/a>.<\/p>\n<p>S\u00eddli\u0161t\u011b Za Chlumem <strong>781, 782, 783, 784<\/strong><\/p>\n<p>S\u00eddli\u0161t\u011b Za Chlumem <strong>792, 793, 794, 795, 796, 797<\/strong><\/p>\n<p>S\u00eddli\u0161t\u011b Za Chlumem <strong>801, 802, 803<\/strong><\/p>\n<p>S\u00eddli\u0161t\u011b Za Chlumem <strong>810, 811<\/strong><\/p>\n<p>\u010capkova <strong>839<\/strong><\/p>\n<p>\u010capkova <strong>840<\/strong><\/p>\n<p>\u010capkova <strong>841, 842, 843, 844<\/strong><\/p>\n<p>\u010capkova <strong>847, 848, 849, 850<\/strong><\/p>\n<p>\u010capkova <strong>857, 858<\/strong><\/p>\n<p>\u010capkova <strong>859, 860<\/strong><\/p>\n<p>Litom\u011b\u0159ick\u00e1 <strong>861, 862<\/strong><\/p>\n<p>Litom\u011b\u0159ick\u00e1 <strong>863, 864, 865, 866<\/strong><\/p>\n","protected":false},"excerpt":{"rendered":"<p>V n\u00e1sleduj\u00edc\u00edch objektech SBD B\u00edlina je k dispozici digit\u00e1ln\u00ed televize a vysokorychlostn\u00ed p\u0159ipojen\u00ed k internetu od spole\u010dnosti SOFTEX.<\/p>\n<p>S\u00eddli\u0161t\u011b Za Chlumem 781, 782, 783, 784<\/p>\n<p>S\u00eddli\u0161t\u011b Za Chlumem 792, 793, 794, 795, 796, 797<\/p>\n<p>S\u00eddli\u0161t\u011b Za Chlumem 801, 802, 803<\/p>\n<p>S\u00eddli\u0161t\u011b Za Chlumem 810, 811<\/p>\n<p>\u010capkova 839<\/p>\n<p>\u010capkova 840<\/p>\n<p>\u010capkova 841, 842, 843, 844<\/p>\n<p>\u010capkova 847, 848, 849, 850<\/p>\n<p>\u010capkova 857, 858<\/p>\n<p>\u010capkova 859, 860<\/p>\n<p>Litom\u011b\u0159ick\u00e1 861, [&#8230;]<\/p>\n","protected":false},"author":1,"featured_media":0,"parent":0,"menu_order":0,"comment_status":"closed","ping_status":"open","template":"","meta":{"footnotes":""},"class_list":["post-90","page","type-page","status-publish","hentry"],"_links":{"self":[{"href":"https:\/\/www.sbdbilina.cz\/index.php?rest_route=\/wp\/v2\/pages\/90","targetHints":{"allow":["GET"]}}],"collection":[{"href":"https:\/\/www.sbdbilina.cz\/index.php?rest_route=\/wp\/v2\/pages"}],"about":[{"href":"https:\/\/www.sbdbilina.cz\/index.php?rest_route=\/wp\/v2\/types\/page"}],"author":[{"embeddable":true,"href":"https:\/\/www.sbdbilina.cz\/index.php?rest_route=\/wp\/v2\/users\/1"}],"replies":[{"embeddable":true,"href":"https:\/\/www.sbdbilina.cz\/index.php?rest_route=%2Fwp%2Fv2%2Fcomments&post=90"}],"version-history":[{"count":21,"href":"https:\/\/www.sbdbilina.cz\/index.php?rest_route=\/wp\/v2\/pages\/90\/revisions"}],"predecessor-version":[{"id":411,"href":"https:\/\/www.sbdbilina.cz\/index.php?rest_route=\/wp\/v2\/pages\/90\/revisions\/411"}],"wp:attachment":[{"href":"https:\/\/www.sbdbilina.cz\/index.php?rest_route=%2Fwp%2Fv2%2Fmedia&parent=90"}],"curies":[{"name":"wp","href":"https:\/\/api.w.org\/{rel}","templated":true}]}}