{"id":8,"date":"2011-03-17T13:32:51","date_gmt":"2011-03-17T13:32:51","guid":{"rendered":"http:\/\/localhost\/sbdb\/?page_id=7"},"modified":"2025-12-18T10:08:20","modified_gmt":"2025-12-18T10:08:20","slug":"uredni-hodiny","status":"publish","type":"page","link":"https:\/\/www.sbdbilina.cz\/?page_id=8","title":{"rendered":"\u00da\u0159edn\u00ed hodiny"},"content":{"rendered":"<table border=\"1\" width=\"605\" cellspacing=\"0\" cellpadding=\"0\">\n<tbody>\n<tr>\n<td colspan=\"3\" width=\"100%\"><strong>Spr\u00e1va dru\u017estva, B\u00edlina, \u010capkova 847<\/strong><\/td>\n<\/tr>\n<tr>\n<td width=\"16%\">Pond\u011bl\u00ed<\/td>\n<td colspan=\"2\" width=\"83%\">07:00-11:00,12:00-16:00 hod.<\/td>\n<\/tr>\n<tr>\n<td width=\"16%\">\u00dater\u00fd<\/td>\n<td colspan=\"2\" width=\"83%\">nen\u00ed \u00fa\u0159edn\u00ed den<\/td>\n<\/tr>\n<tr>\n<td width=\"16%\">St\u0159eda<\/td>\n<td colspan=\"2\" width=\"83%\">07:00-11:00,12:00-15:00 hod.<\/td>\n<\/tr>\n<tr>\n<td width=\"16%\">\u010dtvrtek<\/td>\n<td colspan=\"2\" width=\"83%\">nen\u00ed \u00fa\u0159edn\u00ed den<\/td>\n<\/tr>\n<tr>\n<td width=\"16%\">P\u00e1tek<\/td>\n<td colspan=\"2\" width=\"83%\">nen\u00ed \u00fa\u0159edn\u00ed den<\/td>\n<\/tr>\n<\/tbody>\n<\/table>\n<p>Od pond\u011bl\u00ed 22.12. do p\u00e1tku 2.1.2026 je z d\u016fvodu dovolen\u00e9 zav\u0159eno.<\/p>\n<p><strong>Pokladn\u00ed hodiny<\/strong><\/p>\n<table border=\"1\" width=\"575\" cellspacing=\"0\" cellpadding=\"0\">\n<tbody>\n<tr>\n<td width=\"16%\">Pond\u011bl\u00ed<\/td>\n<td width=\"83%\">07:00-11:00,12:00-16:00 hod.<\/td>\n<\/tr>\n<tr>\n<td width=\"16%\"><\/td>\n<td width=\"83%\"><\/td>\n<\/tr>\n<tr>\n<td width=\"16%\"><\/td>\n<td width=\"83%\"><\/td>\n<\/tr>\n<\/tbody>\n<\/table>\n","protected":false},"excerpt":{"rendered":"<p>Spr\u00e1va dru\u017estva, B\u00edlina, \u010capkova 847<\/p>\n<p>Pond\u011bl\u00ed<br \/>\n07:00-11:00,12:00-16:00 hod.<\/p>\n<p>\u00dater\u00fd<br \/>\nnen\u00ed \u00fa\u0159edn\u00ed den<\/p>\n<p>St\u0159eda<br \/>\n07:00-11:00,12:00-15:00 hod.<\/p>\n<p>\u010dtvrtek<br \/>\nnen\u00ed \u00fa\u0159edn\u00ed den<\/p>\n<p>P\u00e1tek<br \/>\nnen\u00ed \u00fa\u0159edn\u00ed den<\/p>\n<p>Od pond\u011bl\u00ed 22.12. do p\u00e1tku 2.1.2026 je z d\u016fvodu dovolen\u00e9 zav\u0159eno.<\/p>\n<p>Pokladn\u00ed [&#8230;]<\/p>\n","protected":false},"author":1,"featured_media":0,"parent":13,"menu_order":0,"comment_status":"closed","ping_status":"open","template":"","meta":{"footnotes":""},"class_list":["post-8","page","type-page","status-publish","hentry"],"_links":{"self":[{"href":"https:\/\/www.sbdbilina.cz\/index.php?rest_route=\/wp\/v2\/pages\/8","targetHints":{"allow":["GET"]}}],"collection":[{"href":"https:\/\/www.sbdbilina.cz\/index.php?rest_route=\/wp\/v2\/pages"}],"about":[{"href":"https:\/\/www.sbdbilina.cz\/index.php?rest_route=\/wp\/v2\/types\/page"}],"author":[{"embeddable":true,"href":"https:\/\/www.sbdbilina.cz\/index.php?rest_route=\/wp\/v2\/users\/1"}],"replies":[{"embeddable":true,"href":"https:\/\/www.sbdbilina.cz\/index.php?rest_route=%2Fwp%2Fv2%2Fcomments&post=8"}],"version-history":[{"count":13,"href":"https:\/\/www.sbdbilina.cz\/index.php?rest_route=\/wp\/v2\/pages\/8\/revisions"}],"predecessor-version":[{"id":937,"href":"https:\/\/www.sbdbilina.cz\/index.php?rest_route=\/wp\/v2\/pages\/8\/revisions\/937"}],"up":[{"embeddable":true,"href":"https:\/\/www.sbdbilina.cz\/index.php?rest_route=\/wp\/v2\/pages\/13"}],"wp:attachment":[{"href":"https:\/\/www.sbdbilina.cz\/index.php?rest_route=%2Fwp%2Fv2%2Fmedia&parent=8"}],"curies":[{"name":"wp","href":"https:\/\/api.w.org\/{rel}","templated":true}]}}