{"id":7,"date":"2011-03-17T11:34:15","date_gmt":"2011-03-17T11:34:15","guid":{"rendered":"http:\/\/localhost\/sbdb\/?page_id=2"},"modified":"2016-11-30T12:42:25","modified_gmt":"2016-11-30T12:42:25","slug":"zkusebni-stranka","status":"publish","type":"page","link":"https:\/\/www.sbdbilina.cz\/","title":{"rendered":"Dru\u017estvo"},"content":{"rendered":"<p><em><strong>Stavebn\u00ed bytov\u00e9 dru\u017estvo B\u00edlina<\/strong><\/em><br \/>\n<em>\u010capkova 847, 418 01 B\u00edlina<\/em><\/p>\n<p>I\u010c 00527084, zaps\u00e1no v Obchodn\u00edm rejst\u0159\u00edku u KS v \u00dast\u00ed nad Labem, Odd\u00edl Dr. XXVI, vlo\u017eka 7<\/p>\n<p>SBD bylo zalo\u017eeno 19. \u010dervence 1990. Pr\u00e1vn\u00ed vztahy mezi dru\u017estvem a jeho \u010dleny, jako\u017e i mezi \u010dleny dru\u017estva navz\u00e1jem se \u0159\u00edd\u00ed stanovami dru\u017estva. Dru\u017estvo je pr\u00e1vnickou osobou. Statut\u00e1rn\u00edm org\u00e1nem dru\u017estva je\u00a05 \u010dlenn\u00e9 p\u0159edstavenstvo. Nejvy\u0161\u0161\u00edm org\u00e1nem je shrom\u00e1\u017ed\u011bn\u00ed deleg\u00e1t\u016f. SBD je \u010dlenem Svazu \u010desk\u00fdch a moravsk\u00fdch bytov\u00fdch dru\u017estev.<\/p>\n<p><em>Dru\u017estvo spravuje\u00a0byty v dru\u017estevn\u00edch domech,\u00a0bytov\u00e9 jednotky spole\u010denstv\u00ed vlastn\u00edk\u016f a bytov\u00e9 jednotky soukrom\u00e9 spole\u010dnosti BBF Brandwijk bytov\u00fd fond.<\/em><\/p>\n","protected":false},"excerpt":{"rendered":"<p>Stavebn\u00ed bytov\u00e9 dru\u017estvo B\u00edlina<br \/>\n\u010capkova 847, 418 01 B\u00edlina<\/p>\n<p>I\u010c 00527084, zaps\u00e1no v Obchodn\u00edm rejst\u0159\u00edku u KS v \u00dast\u00ed nad Labem, Odd\u00edl Dr. XXVI, vlo\u017eka 7<\/p>\n<p>SBD bylo zalo\u017eeno 19. \u010dervence 1990. Pr\u00e1vn\u00ed vztahy mezi dru\u017estvem a jeho \u010dleny, jako\u017e i mezi \u010dleny dru\u017estva navz\u00e1jem se \u0159\u00edd\u00ed stanovami dru\u017estva. Dru\u017estvo je pr\u00e1vnickou osobou. Statut\u00e1rn\u00edm org\u00e1nem dru\u017estva je\u00a05 \u010dlenn\u00e9 p\u0159edstavenstvo. [&#8230;]<\/p>\n","protected":false},"author":1,"featured_media":0,"parent":0,"menu_order":0,"comment_status":"closed","ping_status":"open","template":"","meta":{"footnotes":""},"class_list":["post-7","page","type-page","status-publish","hentry"],"_links":{"self":[{"href":"https:\/\/www.sbdbilina.cz\/index.php?rest_route=\/wp\/v2\/pages\/7","targetHints":{"allow":["GET"]}}],"collection":[{"href":"https:\/\/www.sbdbilina.cz\/index.php?rest_route=\/wp\/v2\/pages"}],"about":[{"href":"https:\/\/www.sbdbilina.cz\/index.php?rest_route=\/wp\/v2\/types\/page"}],"author":[{"embeddable":true,"href":"https:\/\/www.sbdbilina.cz\/index.php?rest_route=\/wp\/v2\/users\/1"}],"replies":[{"embeddable":true,"href":"https:\/\/www.sbdbilina.cz\/index.php?rest_route=%2Fwp%2Fv2%2Fcomments&post=7"}],"version-history":[{"count":11,"href":"https:\/\/www.sbdbilina.cz\/index.php?rest_route=\/wp\/v2\/pages\/7\/revisions"}],"predecessor-version":[{"id":640,"href":"https:\/\/www.sbdbilina.cz\/index.php?rest_route=\/wp\/v2\/pages\/7\/revisions\/640"}],"wp:attachment":[{"href":"https:\/\/www.sbdbilina.cz\/index.php?rest_route=%2Fwp%2Fv2%2Fmedia&parent=7"}],"curies":[{"name":"wp","href":"https:\/\/api.w.org\/{rel}","templated":true}]}}