{"id":318,"date":"2014-03-30T09:25:35","date_gmt":"2014-03-30T09:25:35","guid":{"rendered":"http:\/\/www.sbdbilina.cz\/?page_id=318"},"modified":"2020-05-18T14:20:46","modified_gmt":"2020-05-18T14:20:46","slug":"informace","status":"publish","type":"page","link":"https:\/\/www.sbdbilina.cz\/?page_id=318","title":{"rendered":"Informace"},"content":{"rendered":"<p><strong>Informace pro n\u00e1jemce BBF<\/strong><\/p>\n<p>Ne\u017e\u00e1dejte na SBD informace o term\u00ednu vy\u00fa\u010dtov\u00e1n\u00ed. Tyto informace SBD nem\u00e1. Obracejte se p\u0159\u00edmo na BBF.<\/p>\n<table border=\"1\" width=\"500\" cellspacing=\"0\" cellpadding=\"0\">\n<tbody>\n<tr>\n<td colspan=\"2\"><strong>Realitn\u00ed makl\u00e9\u0159<\/strong><\/td>\n<\/tr>\n<tr>\n<td width=\"58%\">pan\u00ed\u00a0<strong>Heinov\u00e1<\/strong> &#8211;\u00a0\u017e\u00e1dosti\u00a0o p\u0159id\u011blen\u00ed bytu do n\u00e1jmu<\/td>\n<td>\u00a0732\u00a0922\u00a0700<\/td>\n<\/tr>\n<\/tbody>\n<\/table>\n<p>&nbsp;<\/p>\n<div>\n<table border=\"1\" width=\"500\" cellspacing=\"0\" cellpadding=\"0\">\n<tbody>\n<tr>\n<td colspan=\"2\"><strong>Smlouvy o n\u00e1jmu<\/strong><\/td>\n<\/tr>\n<tr>\n<td width=\"58%\">pan\u00ed\u00a0<strong>\u0160orfov\u00e1<\/strong> &#8211; prodlou\u017een\u00ed a ukon\u010den\u00ed n\u00e1jmu<\/td>\n<td>\u00a0776\u00a0370 537<\/td>\n<\/tr>\n<\/tbody>\n<\/table>\n<\/div>\n<p>&nbsp;<\/p>\n<div>\n<table border=\"1\" width=\"500\" cellspacing=\"0\" cellpadding=\"0\">\n<tbody>\n<tr>\n<td colspan=\"2\"><strong>Evidence n\u00e1jemn\u00e9ho &#8211; Pokladna SBD<\/strong><\/td>\n<\/tr>\n<tr>\n<td width=\"58%\">Kate\u0159ina\u00a0<strong>Robotov\u00e1<\/strong> &#8211; informace o platb\u00e1ch<\/td>\n<td>417 824 336<br \/>\n739 204 977<br \/>\n<a href=\"mailto:katerina.robotova@sbdbilina.cz\">katerina.robotova@sbdbilina.cz<\/a><\/td>\n<\/tr>\n<\/tbody>\n<\/table>\n<\/div>\n<p>&nbsp;<\/p>\n<div>\n<table border=\"1\" width=\"500\" cellspacing=\"0\" cellpadding=\"0\">\n<tbody>\n<tr>\n<td colspan=\"2\"><strong>Platby n\u00e1jemn\u00e9ho<\/strong><\/td>\n<\/tr>\n<tr>\n<td width=\"58%\">Kate\u0159ina <strong>Chlebn\u00e1<\/strong> &#8211; informace o p\u0159edpisech plateb n\u00e1jemn\u00e9ho, \u00fa\u010detn\u00ed<\/td>\n<td>417 824 336<br \/>\n739 204 979<br \/>\n<a href=\"mailto:katerina.chlebna@sbdbilina.cz\">katerina.chlebna@sbdbilina.cz<\/a><\/td>\n<\/tr>\n<\/tbody>\n<\/table>\n<\/div>\n","protected":false},"excerpt":{"rendered":"<p>Informace pro n\u00e1jemce BBF<\/p>\n<p>Ne\u017e\u00e1dejte na SBD informace o term\u00ednu vy\u00fa\u010dtov\u00e1n\u00ed. Tyto informace SBD nem\u00e1. Obracejte se p\u0159\u00edmo na BBF.<\/p>\n<p>Realitn\u00ed makl\u00e9\u0159<\/p>\n<p>pan\u00ed\u00a0Heinov\u00e1 &#8211;\u00a0\u017e\u00e1dosti\u00a0o p\u0159id\u011blen\u00ed bytu do n\u00e1jmu<br \/>\n\u00a0732\u00a0922\u00a0700<\/p>\n<p>&nbsp;<\/p>\n<p>Smlouvy o n\u00e1jmu<\/p>\n<p>pan\u00ed\u00a0\u0160orfov\u00e1 &#8211; prodlou\u017een\u00ed a ukon\u010den\u00ed n\u00e1jmu<br \/>\n\u00a0776\u00a0370 537<\/p>\n<p>&nbsp;<\/p>\n<p>Evidence n\u00e1jemn\u00e9ho &#8211; Pokladna SBD<\/p>\n<p>Kate\u0159ina\u00a0Robotov\u00e1 &#8211; informace o platb\u00e1ch<br \/>\n417 824 336<br \/>\n739 204 977<br \/>\nkaterina.robotova@sbdbilina.cz<\/p>\n<p>&nbsp;<\/p>\n<p>Platby n\u00e1jemn\u00e9ho<\/p>\n<p>Kate\u0159ina Chlebn\u00e1 &#8211; informace o p\u0159edpisech plateb n\u00e1jemn\u00e9ho, \u00fa\u010detn\u00ed<br \/>\n417 824 336<br \/>\n739 [&#8230;]<\/p>\n","protected":false},"author":3,"featured_media":0,"parent":0,"menu_order":0,"comment_status":"closed","ping_status":"open","template":"","meta":{"footnotes":""},"class_list":["post-318","page","type-page","status-publish","hentry"],"_links":{"self":[{"href":"https:\/\/www.sbdbilina.cz\/index.php?rest_route=\/wp\/v2\/pages\/318","targetHints":{"allow":["GET"]}}],"collection":[{"href":"https:\/\/www.sbdbilina.cz\/index.php?rest_route=\/wp\/v2\/pages"}],"about":[{"href":"https:\/\/www.sbdbilina.cz\/index.php?rest_route=\/wp\/v2\/types\/page"}],"author":[{"embeddable":true,"href":"https:\/\/www.sbdbilina.cz\/index.php?rest_route=\/wp\/v2\/users\/3"}],"replies":[{"embeddable":true,"href":"https:\/\/www.sbdbilina.cz\/index.php?rest_route=%2Fwp%2Fv2%2Fcomments&post=318"}],"version-history":[{"count":9,"href":"https:\/\/www.sbdbilina.cz\/index.php?rest_route=\/wp\/v2\/pages\/318\/revisions"}],"predecessor-version":[{"id":718,"href":"https:\/\/www.sbdbilina.cz\/index.php?rest_route=\/wp\/v2\/pages\/318\/revisions\/718"}],"wp:attachment":[{"href":"https:\/\/www.sbdbilina.cz\/index.php?rest_route=%2Fwp%2Fv2%2Fmedia&parent=318"}],"curies":[{"name":"wp","href":"https:\/\/api.w.org\/{rel}","templated":true}]}}