{"id":312,"date":"2014-03-29T23:21:10","date_gmt":"2014-03-29T23:21:10","guid":{"rendered":"http:\/\/www.sbdbilina.cz\/?page_id=312"},"modified":"2017-08-02T14:33:15","modified_gmt":"2017-08-02T14:33:15","slug":"tym-udrzby","status":"publish","type":"page","link":"https:\/\/www.sbdbilina.cz\/?page_id=312","title":{"rendered":"T\u00fdm \u00fadr\u017eby BBF"},"content":{"rendered":"<table border=\"1\" width=\"500\" cellspacing=\"0\" cellpadding=\"0\">\n<tbody>\n<tr>\n<td colspan=\"2\"><strong>KONTAKTY:\u00a0\u00a0\u00a0\u00a0\u00a0 &#8211; p\u00ed. \u0160orfov\u00e1\u00a0\u00a0\u00a0\u00a0\u00a0\u00a0\u00a0\u00a0\u00a0\u00a0\u00a0\u00a0\u00a0 608 772 209 \/ 776 370 537<\/strong><\/td>\n<\/tr>\n<tr>\n<td width=\"58%\"><strong>ved. tech. t\u00fdmu &#8211; p. Pokorn\u00fd<\/strong><\/td>\n<td><strong>\u00a0734 135 413<\/strong><\/td>\n<\/tr>\n<tr>\n<td width=\"58%\"><strong>\u00a0elektro\u00a0\u00a0\u00a0\u00a0\u00a0\u00a0\u00a0\u00a0\u00a0\u00a0\u00a0\u00a0\u00a0\u00a0\u00a0 &#8211; p. Janovsk\u00fd<\/strong><\/td>\n<td><strong>\u00a0602 783 981<\/strong><\/td>\n<\/tr>\n<tr>\n<td width=\"58%\"><strong>\u00a0voda\u00a0\u00a0\u00a0\u00a0\u00a0\u00a0\u00a0\u00a0\u00a0\u00a0\u00a0\u00a0\u00a0\u00a0\u00a0\u00a0\u00a0\u00a0\u00a0\u00a0 &#8211; p. Jindri\u0161ek<\/strong><\/td>\n<td><strong>\u00a0608 250 403<\/strong><\/td>\n<\/tr>\n<\/tbody>\n<\/table>\n<p>&nbsp;<\/p>\n<div><\/div>\n","protected":false},"excerpt":{"rendered":"<p>KONTAKTY:\u00a0\u00a0\u00a0\u00a0\u00a0 &#8211; p\u00ed. \u0160orfov\u00e1\u00a0\u00a0\u00a0\u00a0\u00a0\u00a0\u00a0\u00a0\u00a0\u00a0\u00a0\u00a0\u00a0 608 772 209 \/ 776 370 537<\/p>\n<p>ved. tech. t\u00fdmu &#8211; p. Pokorn\u00fd<br \/>\n\u00a0734 135 413<\/p>\n<p>\u00a0elektro\u00a0\u00a0\u00a0\u00a0\u00a0\u00a0\u00a0\u00a0\u00a0\u00a0\u00a0\u00a0\u00a0\u00a0\u00a0 &#8211; p. Janovsk\u00fd<br \/>\n\u00a0602 783 981<\/p>\n<p>\u00a0voda\u00a0\u00a0\u00a0\u00a0\u00a0\u00a0\u00a0\u00a0\u00a0\u00a0\u00a0\u00a0\u00a0\u00a0\u00a0\u00a0\u00a0\u00a0\u00a0\u00a0 &#8211; p. Jindri\u0161ek<br \/>\n\u00a0608 [&#8230;]<\/p>\n","protected":false},"author":3,"featured_media":0,"parent":0,"menu_order":0,"comment_status":"closed","ping_status":"open","template":"","meta":{"footnotes":""},"class_list":["post-312","page","type-page","status-publish","hentry"],"_links":{"self":[{"href":"https:\/\/www.sbdbilina.cz\/index.php?rest_route=\/wp\/v2\/pages\/312","targetHints":{"allow":["GET"]}}],"collection":[{"href":"https:\/\/www.sbdbilina.cz\/index.php?rest_route=\/wp\/v2\/pages"}],"about":[{"href":"https:\/\/www.sbdbilina.cz\/index.php?rest_route=\/wp\/v2\/types\/page"}],"author":[{"embeddable":true,"href":"https:\/\/www.sbdbilina.cz\/index.php?rest_route=\/wp\/v2\/users\/3"}],"replies":[{"embeddable":true,"href":"https:\/\/www.sbdbilina.cz\/index.php?rest_route=%2Fwp%2Fv2%2Fcomments&post=312"}],"version-history":[{"count":9,"href":"https:\/\/www.sbdbilina.cz\/index.php?rest_route=\/wp\/v2\/pages\/312\/revisions"}],"predecessor-version":[{"id":677,"href":"https:\/\/www.sbdbilina.cz\/index.php?rest_route=\/wp\/v2\/pages\/312\/revisions\/677"}],"wp:attachment":[{"href":"https:\/\/www.sbdbilina.cz\/index.php?rest_route=%2Fwp%2Fv2%2Fmedia&parent=312"}],"curies":[{"name":"wp","href":"https:\/\/api.w.org\/{rel}","templated":true}]}}