{"id":15,"date":"2011-03-17T13:34:45","date_gmt":"2011-03-17T13:34:45","guid":{"rendered":"http:\/\/localhost\/sbdb\/?page_id=15"},"modified":"2025-10-02T11:32:26","modified_gmt":"2025-10-02T11:32:26","slug":"seznam-objektu","status":"publish","type":"page","link":"https:\/\/www.sbdbilina.cz\/?page_id=15","title":{"rendered":"Seznam objekt\u016f"},"content":{"rendered":"<h4>Seznam objekt\u016f ve spr\u00e1v\u011b SBD B\u00edlina<\/h4>\n<table border=\"1\" width=\"500\" cellspacing=\"0\" cellpadding=\"5\">\n<tbody>\n<tr>\n<th align=\"center\">Objekt<\/th>\n<th align=\"center\">Deleg\u00e1t objektu<\/th>\n<\/tr>\n<tr>\n<td width=\"50%\">SUNN 689-690<\/td>\n<td>Josef Adam<\/td>\n<\/tr>\n<tr>\n<td width=\"50%\">SUNN 693-694<\/td>\n<td>Lubo\u0161 Katreni\u010d<\/td>\n<\/tr>\n<tr>\n<td width=\"50%\">Za Chlumem 798-803<\/td>\n<td>Ing. Irena \u0160ulcov\u00e1<\/td>\n<\/tr>\n<tr>\n<td width=\"50%\">Za Chlumem 804-807<\/td>\n<td>Milena Hu\u0161nerov\u00e1<\/td>\n<\/tr>\n<tr>\n<td width=\"50%\">Za Chlumem 808-811<\/td>\n<td>Karel Sochor<\/td>\n<\/tr>\n<tr>\n<td width=\"50%\">Pra\u017esk\u00e1 263<\/td>\n<td>Franti\u0161ek Jir\u00e1k<\/td>\n<\/tr>\n<tr>\n<td width=\"50%\">Jir\u00e1skova 335-336<\/td>\n<td>V\u011broslav Pol\u00e1k<\/td>\n<\/tr>\n<tr>\n<td width=\"50%\">Ji\u017en\u00ed 337-338<\/td>\n<td>Milo\u0161 Ha\u0161ek<\/td>\n<\/tr>\n<tr>\n<td width=\"50%\">Ji\u017en\u00ed 305<\/td>\n<td>Mgr. Zden\u011bk Svoboda, Ph.D.<\/td>\n<\/tr>\n<tr>\n<td width=\"50%\">Ji\u017en\u00ed 310 -313<\/td>\n<td>Nad\u011b\u017eda Maurerov\u00e1<\/td>\n<\/tr>\n<tr>\n<td width=\"50%\">M\u00edrov\u00e1 339<\/td>\n<td>Marcela \u0160ediv\u00e1<\/td>\n<\/tr>\n<tr>\n<td width=\"50%\">M\u00edrov\u00e1 340<\/td>\n<td>Rostislav Petrl\u00edk<\/td>\n<\/tr>\n<tr>\n<td width=\"50%\">Tylova 301-302<\/td>\n<td>Kv\u011btoslava Alimi<\/td>\n<\/tr>\n<tr>\n<td rowspan=\"2\" width=\"50%\">Litom\u011b\u0159ick\u00e1 863 -866<\/td>\n<td>Mgr. Michaela Hriv\u0148\u00e1kov\u00e1<\/td>\n<\/tr>\n<tr>\n<td>\u00a0<\/td>\n<\/tr>\n<tr>\n<td width=\"50%\">\u010capkova 840<\/td>\n<td>Milan Kalabza<\/td>\n<\/tr>\n<tr>\n<td width=\"50%\">\u010capkova 841-844<\/td>\n<td>Vladim\u00edr Klas<\/td>\n<\/tr>\n<tr>\n<td width=\"50%\">\u010capkova 847-850<\/td>\n<td>Zden\u011bk Proch\u00e1zka<\/td>\n<\/tr>\n<tr>\n<td width=\"50%\">\u010capkova 857-858<\/td>\n<td>Kamila Hauptvogelov\u00e1<\/td>\n<\/tr>\n<tr>\n<td width=\"50%\">\u010capkova 859-860<\/td>\n<td>Zden\u011bk\u00a0Chalupn\u00fd<\/td>\n<\/tr>\n<\/tbody>\n<\/table>\n<h4>Seznam dom\u016f s pr\u00e1vn\u00ed subjektivitou,<br \/>kter\u00e9 SBD B\u00edlina spravuje<\/h4>\n<table style=\"height: 784px;\" border=\"1\" width=\"502\" cellspacing=\"0\" cellpadding=\"4\"><colgroup> <col width=\"128\" \/> <col width=\"128\" \/> <\/colgroup>\n<tbody>\n<tr valign=\"TOP\">\n<th>Adresa<\/th>\n<th style=\"text-align: center;\">p\u0159edseda<\/th>\n<\/tr>\n<tr valign=\"TOP\">\n<td width=\"50%\">B\u00edlina, SUNN 691 &#8211; 692<\/td>\n<td style=\"text-align: center;\" width=\"50%\">Daniela Weissov\u00e1<\/td>\n<\/tr>\n<tr valign=\"TOP\">\n<td width=\"50%\">B\u00edlina, SUNN 699 &#8211; 702<\/td>\n<td style=\"text-align: center;\" width=\"50%\">Milan Poustka<\/td>\n<\/tr>\n<tr valign=\"TOP\">\n<td width=\"50%\">B\u00edlina, SUNN 707 &#8211; 710<\/td>\n<td style=\"text-align: center;\" width=\"50%\">Miloslav Vlasat\u00fd<\/td>\n<\/tr>\n<tr valign=\"TOP\">\n<td width=\"50%\">\n<p style=\"text-align: left;\">B\u00edlina, Za Chlumem 733 \u2013 737<\/p>\n<p style=\"text-align: left;\">B\u00edlina, Za Chlumem 740 \u2013 743<\/p>\n<\/td>\n<td style=\"text-align: center;\" width=\"50%\">\n<p style=\"text-align: center;\">Petr P\u00edcha<\/p>\n<p style=\"text-align: center;\">Ing. Eva Brodsk\u00e1<\/p>\n<\/td>\n<\/tr>\n<tr valign=\"TOP\">\n<td width=\"50%\">B\u00edlina, Za Chlumem 777 &#8211; 784<\/td>\n<td style=\"text-align: center;\" width=\"50%\">\u00a0Zden\u011bk Bajml<\/td>\n<\/tr>\n<tr valign=\"TOP\">\n<td width=\"50%\">B\u00edlina, Za Chlumem 791 &#8211; 797<\/td>\n<td style=\"text-align: center;\" width=\"50%\">Bc. Lenka Samoh\u00fdlov\u00e1<\/td>\n<\/tr>\n<tr valign=\"TOP\">\n<td width=\"50%\">B\u00edlina, \u010capkova 845 &#8211; 846<\/td>\n<td style=\"text-align: center;\" width=\"50%\">Emil Skopec\u00a0<\/td>\n<\/tr>\n<tr valign=\"TOP\">\n<td width=\"50%\">B\u00edlina, \u010capkova 851 &#8211; 852<\/td>\n<td style=\"text-align: center;\" width=\"50%\">Bc. Milan Li\u0161ka<\/td>\n<\/tr>\n<tr valign=\"TOP\">\n<td width=\"50%\">B\u00edlina, SHD 562 &#8211; 564<\/td>\n<td style=\"text-align: center;\" width=\"50%\">Jana Homolov\u00e1<\/td>\n<\/tr>\n<tr valign=\"TOP\">\n<td width=\"50%\">B\u00edlina, SHD 566 &#8211; 568<\/td>\n<td style=\"text-align: center;\" width=\"50%\">Radek Johanides<\/td>\n<\/tr>\n<tr valign=\"TOP\">\n<td width=\"50%\">B\u00edlina, Tylova 300<\/td>\n<td style=\"text-align: center;\" width=\"50%\">Petr Hub\u00e1\u010dek<\/td>\n<\/tr>\n<tr valign=\"TOP\">\n<td width=\"50%\">B\u00edlina, Tylova 303<\/td>\n<td style=\"text-align: center;\" width=\"50%\">Marek Dort<\/td>\n<\/tr>\n<tr valign=\"TOP\">\n<td width=\"50%\">B\u00edlina, F\u00fcgnerova 245<\/td>\n<td style=\"text-align: center;\" width=\"50%\">Karla Kyl\u00ed\u0161kov\u00e1<\/td>\n<\/tr>\n<tr valign=\"TOP\">\n<td width=\"50%\">B\u00edlina, F\u00fcgnerova 257 &#8211; 259<\/td>\n<td style=\"text-align: center;\" width=\"50%\">Ing. Old\u0159ich Jedli\u010dka, DiS.<\/td>\n<\/tr>\n<tr valign=\"TOP\">\n<td width=\"50%\">B\u00edlina, Pra\u017esk\u00e1 261<\/td>\n<td style=\"text-align: center;\" width=\"50%\">Renata Vl\u010dkov\u00e1<\/td>\n<\/tr>\n<tr valign=\"TOP\">\n<td width=\"50%\">B\u00edlina, Pra\u017esk\u00e1 262<\/td>\n<td style=\"text-align: center;\" width=\"50%\">Erich Mika<\/td>\n<\/tr>\n<tr valign=\"TOP\">\n<td width=\"50%\">B\u00edlina, Al\u00e9sk\u00e1 234 &#8211; 236<\/td>\n<td style=\"text-align: center;\" width=\"50%\">Milan Kalabza<\/td>\n<\/tr>\n<tr valign=\"TOP\">\n<td width=\"50%\">B\u00edlina, Jeni\u0161ovsk\u00e1 244<\/td>\n<td style=\"text-align: center;\" width=\"50%\">Iveta Str\u00e1dov\u00e1<\/td>\n<\/tr>\n<tr valign=\"TOP\">\n<td width=\"50%\">B\u00edlina, Jir\u00e1skova 318 &#8211; 319<\/td>\n<td style=\"text-align: center;\" width=\"50%\">Miroslav Kotek<\/td>\n<\/tr>\n<tr valign=\"TOP\">\n<td width=\"50%\">B\u00edlina, 5. kv\u011btna 276 &#8211; 277<\/td>\n<td style=\"text-align: center;\" width=\"50%\">Miroslav Eibl<\/td>\n<\/tr>\n<tr valign=\"TOP\">\n<td width=\"50%\">\n<p>Hrob\u010dice 69<\/p>\n<p>Hrob\u010dice 81, 90<\/p>\n<p>Hrob\u010dice 83, 104<\/p>\n<p>Hrob\u010dice 84, 88<\/p>\n<\/td>\n<td style=\"text-align: center;\" width=\"50%\">\n<p>Petr \u0160padrna<\/p>\n<p>Pavl\u00edna Richterov\u00e1<\/p>\n<p>Ji\u0159\u00ed Paluska<\/p>\n<p>Milan Beran<\/p>\n<\/td>\n<\/tr>\n<\/tbody>\n<\/table>\n\n\n<p><\/p>\n","protected":false},"excerpt":{"rendered":"<p>Seznam objekt\u016f ve spr\u00e1v\u011b SBD B\u00edlina<\/p>\n<p>Objekt<br \/>\nDeleg\u00e1t objektu<\/p>\n<p>SUNN 689-690<br \/>\nJosef Adam<\/p>\n<p>SUNN 693-694<br \/>\nLubo\u0161 Katreni\u010d<\/p>\n<p>Za Chlumem 798-803<br \/>\nIng. Irena \u0160ulcov\u00e1<\/p>\n<p>Za Chlumem 804-807<br \/>\nMilena Hu\u0161nerov\u00e1<\/p>\n<p>Za Chlumem 808-811<br \/>\nKarel Sochor<\/p>\n<p>Pra\u017esk\u00e1 263<br \/>\nFranti\u0161ek Jir\u00e1k<\/p>\n<p>Jir\u00e1skova 335-336<br \/>\nV\u011broslav Pol\u00e1k<\/p>\n<p>Ji\u017en\u00ed 337-338<br \/>\nMilo\u0161 Ha\u0161ek<\/p>\n<p>Ji\u017en\u00ed 305<br \/>\nMgr. Zden\u011bk Svoboda, Ph.D.<\/p>\n<p>Ji\u017en\u00ed 310 -313<br \/>\nNad\u011b\u017eda Maurerov\u00e1<\/p>\n<p>M\u00edrov\u00e1 339<br \/>\nMarcela \u0160ediv\u00e1<\/p>\n<p>M\u00edrov\u00e1 340<br \/>\nRostislav Petrl\u00edk<\/p>\n<p>Tylova 301-302<br \/>\nKv\u011btoslava Alimi<\/p>\n<p>Litom\u011b\u0159ick\u00e1 863 -866<br \/>\nMgr. Michaela Hriv\u0148\u00e1kov\u00e1<\/p>\n<p>\u00a0<\/p>\n<p>\u010capkova 840<br \/>\nMilan Kalabza<\/p>\n<p>\u010capkova 841-844<br \/>\nVladim\u00edr Klas<\/p>\n<p>\u010capkova 847-850<br \/>\nZden\u011bk Proch\u00e1zka<\/p>\n<p>\u010capkova 857-858<br \/>\nKamila Hauptvogelov\u00e1<\/p>\n<p>\u010capkova 859-860<br \/>\nZden\u011bk\u00a0Chalupn\u00fd<\/p>\n<p>Seznam dom\u016f s pr\u00e1vn\u00ed [&#8230;]<\/p>\n","protected":false},"author":1,"featured_media":0,"parent":7,"menu_order":0,"comment_status":"open","ping_status":"open","template":"","meta":{"footnotes":""},"class_list":["post-15","page","type-page","status-publish","hentry"],"_links":{"self":[{"href":"https:\/\/www.sbdbilina.cz\/index.php?rest_route=\/wp\/v2\/pages\/15","targetHints":{"allow":["GET"]}}],"collection":[{"href":"https:\/\/www.sbdbilina.cz\/index.php?rest_route=\/wp\/v2\/pages"}],"about":[{"href":"https:\/\/www.sbdbilina.cz\/index.php?rest_route=\/wp\/v2\/types\/page"}],"author":[{"embeddable":true,"href":"https:\/\/www.sbdbilina.cz\/index.php?rest_route=\/wp\/v2\/users\/1"}],"replies":[{"embeddable":true,"href":"https:\/\/www.sbdbilina.cz\/index.php?rest_route=%2Fwp%2Fv2%2Fcomments&post=15"}],"version-history":[{"count":59,"href":"https:\/\/www.sbdbilina.cz\/index.php?rest_route=\/wp\/v2\/pages\/15\/revisions"}],"predecessor-version":[{"id":935,"href":"https:\/\/www.sbdbilina.cz\/index.php?rest_route=\/wp\/v2\/pages\/15\/revisions\/935"}],"up":[{"embeddable":true,"href":"https:\/\/www.sbdbilina.cz\/index.php?rest_route=\/wp\/v2\/pages\/7"}],"wp:attachment":[{"href":"https:\/\/www.sbdbilina.cz\/index.php?rest_route=%2Fwp%2Fv2%2Fmedia&parent=15"}],"curies":[{"name":"wp","href":"https:\/\/api.w.org\/{rel}","templated":true}]}}