{"id":116,"date":"2012-07-20T18:18:49","date_gmt":"2012-07-20T18:18:49","guid":{"rendered":"http:\/\/www.sbdbilina.cz\/?page_id=116"},"modified":"2023-04-14T10:54:32","modified_gmt":"2023-04-14T10:54:32","slug":"internet","status":"publish","type":"page","link":"https:\/\/www.sbdbilina.cz\/?page_id=116","title":{"rendered":"Optick\u00fd internet"},"content":{"rendered":"<table width=\"100%\">\n<tbody>\n<tr id=\"tarif\">\n<td style=\"text-align: center;\"><strong>CIS SENIOR<\/strong><\/td>\n<td style=\"text-align: center;\"><strong>CIS DYNAMIC<\/strong><\/td>\n<td style=\"text-align: center;\"><\/td>\n<\/tr>\n<tr>\n<td style=\"text-align: center;\"><strong>100\/100 Mbps<\/strong><\/td>\n<td style=\"text-align: center;\"><strong>a\u017e 100\/100 Mbps<br \/>\n<\/strong><\/td>\n<td style=\"text-align: center;\"><strong>\u00a0<\/strong><\/td>\n<\/tr>\n<tr id=\"cenyBack\">\n<td style=\"text-align: center;\"><strong>170 K\u010d<\/strong><\/td>\n<td style=\"text-align: center;\"><strong>340 K\u010d<\/strong><\/td>\n<td style=\"text-align: center;\"><\/td>\n<\/tr>\n<tr>\n<td colspan=\"3\">\n<ul>\n<li>neomezen\u00fd objem p\u0159enesen\u00fdch dat bez agregace*<\/li>\n<li>zv\u00fd\u0161en\u00e1 rychlost odes\u00edl\u00e1n\u00ed dat do internetu<\/li>\n<li>lze voliteln\u011b doplnit o Wi-Fi router, ve\u0159ejnou IP adresu nebo ochranu po\u0161ty Ironport<\/li>\n<\/ul>\n<\/td>\n<\/tr>\n<tr>\n<td colspan=\"3\">Z\u0159\u00edzen\u00ed p\u0159\u00edpojky CIS do bytu (objektu) je <strong>ZDARMA.<\/strong><\/td>\n<\/tr>\n<tr>\n<td colspan=\"3\">Prvn\u00ed aktivace slu\u017eeb a konfigurace za\u0159\u00edzen\u00ed je<strong> ZDARMA.<\/strong><\/td>\n<\/tr>\n<tr id=\"kontBack\">\n<td style=\"text-align: center;\" colspan=\"3\">volejte <strong>478 620 000<\/strong>, pi\u0161te <strong><a href=\"mailto:info@softex.cz\">info@softex.cz<\/a><\/strong><\/td>\n<\/tr>\n<\/tbody>\n<\/table>\n<p style=\"text-align: center;\"><strong><a class=\"continue-reading-link\" title=\"Centrum objedn\u00e1vek\" href=\"http:\/\/www.softex.cz\" target=\"_blank\" rel=\"noopener\">Objednat internet<i class=\"icon-right-dir\"><\/i><\/a><\/strong><\/p>\n<p>V\u0161echny ceny jsou uvedeny ve v\u00fd\u0161i m\u011bs\u00ed\u010dn\u00edho poplatku za zvolenou slu\u017ebu, v\u010detn\u011b DPH, nen\u00ed-li stanoveno jinak.<\/p>\n<p>Uveden\u00e9 rychlosti p\u0159ipojen\u00ed jsou rychlostmi maxim\u00e1ln\u011b dosa\u017eiteln\u00fdmi.<\/p>\n<p>* P\u0159i p\u0159en\u00e1\u0161en\u00ed nep\u0159im\u011b\u0159en\u011b velk\u00e9ho objemu dat si poskytovatel vyhrazuje pr\u00e1vo \u0159\u00edzen\u00ed datov\u00e9ho toku v s\u00edti, zejm\u00e9na pokud dojde k p\u0159et\u00ed\u017een\u00ed s\u00edt\u011b v p\u00e1te\u0159n\u00edch spoj\u00edch. Poskytovatel je opr\u00e1vn\u011bn selektivn\u011b omezit provoz na p\u00e1te\u0159n\u00ed s\u00edti tak, aby umo\u017enil optim\u00e1ln\u00ed vyu\u017eit\u00ed slu\u017eeb v\u0161emi u\u017eivateli.<\/p>\n","protected":false},"excerpt":{"rendered":"<p>CIS SENIOR<br \/>\nCIS DYNAMIC<\/p>\n<p>100\/100 Mbps<br \/>\na\u017e 100\/100 Mbps<\/p>\n<p>\u00a0<\/p>\n<p>170 K\u010d<br \/>\n340 K\u010d<\/p>\n<p>neomezen\u00fd objem p\u0159enesen\u00fdch dat bez agregace*<br \/>\nzv\u00fd\u0161en\u00e1 rychlost odes\u00edl\u00e1n\u00ed dat do internetu<br \/>\nlze voliteln\u011b doplnit o Wi-Fi router, ve\u0159ejnou IP adresu nebo ochranu po\u0161ty Ironport<\/p>\n<p>Z\u0159\u00edzen\u00ed p\u0159\u00edpojky CIS do bytu (objektu) je ZDARMA.<\/p>\n<p>Prvn\u00ed aktivace slu\u017eeb a konfigurace za\u0159\u00edzen\u00ed je ZDARMA.<\/p>\n<p>volejte 478 620 000, pi\u0161te info@softex.cz<\/p>\n<p style=\"text-align: center;\">Objednat internet<\/p>\n<p>V\u0161echny ceny jsou uvedeny ve [&#8230;]<\/p>\n","protected":false},"author":1,"featured_media":0,"parent":90,"menu_order":0,"comment_status":"closed","ping_status":"open","template":"","meta":{"footnotes":""},"class_list":["post-116","page","type-page","status-publish","hentry"],"_links":{"self":[{"href":"https:\/\/www.sbdbilina.cz\/index.php?rest_route=\/wp\/v2\/pages\/116","targetHints":{"allow":["GET"]}}],"collection":[{"href":"https:\/\/www.sbdbilina.cz\/index.php?rest_route=\/wp\/v2\/pages"}],"about":[{"href":"https:\/\/www.sbdbilina.cz\/index.php?rest_route=\/wp\/v2\/types\/page"}],"author":[{"embeddable":true,"href":"https:\/\/www.sbdbilina.cz\/index.php?rest_route=\/wp\/v2\/users\/1"}],"replies":[{"embeddable":true,"href":"https:\/\/www.sbdbilina.cz\/index.php?rest_route=%2Fwp%2Fv2%2Fcomments&post=116"}],"version-history":[{"count":30,"href":"https:\/\/www.sbdbilina.cz\/index.php?rest_route=\/wp\/v2\/pages\/116\/revisions"}],"predecessor-version":[{"id":874,"href":"https:\/\/www.sbdbilina.cz\/index.php?rest_route=\/wp\/v2\/pages\/116\/revisions\/874"}],"up":[{"embeddable":true,"href":"https:\/\/www.sbdbilina.cz\/index.php?rest_route=\/wp\/v2\/pages\/90"}],"wp:attachment":[{"href":"https:\/\/www.sbdbilina.cz\/index.php?rest_route=%2Fwp%2Fv2%2Fmedia&parent=116"}],"curies":[{"name":"wp","href":"https:\/\/api.w.org\/{rel}","templated":true}]}}