{"id":113,"date":"2012-07-20T18:18:33","date_gmt":"2012-07-20T18:18:33","guid":{"rendered":"http:\/\/www.sbdbilina.cz\/?page_id=113"},"modified":"2023-08-09T06:59:23","modified_gmt":"2023-08-09T06:59:23","slug":"digitalni-televize","status":"publish","type":"page","link":"https:\/\/www.sbdbilina.cz\/?page_id=113","title":{"rendered":"Digit\u00e1ln\u00ed televize"},"content":{"rendered":"<h1 style=\"text-align: center;\">KukiTV<\/h1>\n<table width=\"100%\">\n<tbody>\n<tr id=\"tarif\">\n<td style=\"text-align: center;\"><strong>KUKI MEN\u0160\u00cd<\/strong><\/td>\n<td style=\"text-align: center;\"><strong>KUKI V\u011aT\u0160\u00cd<\/strong><\/td>\n<\/tr>\n<tr>\n<td style=\"text-align: center;\"><strong>15 + 15 kan\u00e1l\u016f<\/strong><\/td>\n<td style=\"text-align: center;\"><strong>30 + 30 kan\u00e1l\u016f<\/strong><\/td>\n<\/tr>\n<tr>\n<td style=\"text-align: center;\"><a class=\"continue-reading-link\" title=\"Programov\u00e1 nab\u00eddka KUKI TV MEN\u0160\u00cd\" href=\"http:\/\/www.softex.cz\/programova-nabidka-kuki-mensi\/\" target=\"_blank\" rel=\"noopener\">Programov\u00e1 nab\u00eddka<i class=\"icon-right-dir\"><\/i><\/a><\/td>\n<td style=\"text-align: center;\"><a class=\"continue-reading-link\" title=\"Programov\u00e1 nab\u00eddka KUKI TV V\u011aT\u0160\u00cd\" href=\"http:\/\/www.softex.cz\/programova-nabidka-kuki-vetsi\/\" target=\"_blank\" rel=\"noopener\">Programov\u00e1 nab\u00eddka<i class=\"icon-right-dir\"><\/i><\/a><\/td>\n<\/tr>\n<tr>\n<td style=\"text-align: center;\"><a title=\"Bal\u00ed\u010dky a roz\u0161\u00ed\u0159en\u00ed KUKI TV\" href=\"http:\/\/www.softex.cz\/balicky-a-rozsireni-kuki-tv\/\" target=\"_blank\" rel=\"noopener\">Bal\u00ed\u010dky a roz\u0161\u00ed\u0159en\u00ed<\/a><\/td>\n<td style=\"text-align: center;\"><a title=\"Bal\u00ed\u010dky a roz\u0161\u00ed\u0159en\u00ed KUKI TV\" href=\"http:\/\/www.softex.cz\/balicky-a-rozsireni-kuki-tv\/\" target=\"_blank\" rel=\"noopener\">Bal\u00ed\u010dky a roz\u0161\u00ed\u0159en\u00ed<\/a><\/td>\n<\/tr>\n<tr>\n<td style=\"text-align: center;\"><a title=\"Mo\u017enosti po\u0159\u00edzen\u00ed STB\" href=\"http:\/\/www.softex.cz\/moznosti-porizeni-stb\/\" target=\"_blank\" rel=\"noopener\">Mo\u017enosti po\u0159\u00edzen\u00ed STB<\/a><\/td>\n<td style=\"text-align: center;\"><a title=\"Mo\u017enosti po\u0159\u00edzen\u00ed STB\" href=\"http:\/\/www.softex.cz\/moznosti-porizeni-stb\/\" target=\"_blank\" rel=\"noopener\">Mo\u017enosti po\u0159\u00edzen\u00ed STB<\/a><\/td>\n<\/tr>\n<tr id=\"cenyBack\">\n<td style=\"text-align: center;\"><strong>200 K\u010d<\/strong><\/td>\n<td style=\"text-align: center;\"><strong>400 K\u010d<\/strong><\/td>\n<\/tr>\n<tr>\n<td colspan=\"3\">\n<ul>\n<li><a title=\"Chytr\u00e9 funkce KUKI TV\" href=\"http:\/\/www.softex.cz\/kuki-tv\/\" target=\"_blank\" rel=\"noopener\">chytr\u00e9 funkce<\/a> a voliteln\u00e9 kan\u00e1ly u tarif\u016f KUKI TV<\/li>\n<li>p\u0159ehr\u00e1v\u00e1n\u00ed i nahr\u00e1v\u00e1n\u00ed odvys\u00edlan\u00fdch po\u0159ad\u016f 48 hodin zp\u011btn\u011b &#8211; funk\u010dn\u00ed na v\u0161ech kan\u00e1lech<\/li>\n<li>ovl\u00e1d\u00e1n\u00ed set-top boxu a p\u0159ehr\u00e1v\u00e1n\u00ed po\u0159ad\u016f prost\u0159ednictv\u00edm mobilu nebo tabletu<\/li>\n<\/ul>\n<\/td>\n<\/tr>\n<tr id=\"kontBack\">\n<td style=\"text-align: center;\" colspan=\"3\">volejte <strong>478 620 000<\/strong>, pi\u0161te <strong><a href=\"mailto:info@softex.cz\">info@softex.cz<\/a><\/strong><\/td>\n<\/tr>\n<\/tbody>\n<\/table>\n<h1 style=\"text-align: center;\">SledovaniTV<\/h1>\n<table width=\"100%\">\n<tbody>\n<tr id=\"tarif\">\n<td style=\"text-align: center;\"><strong>START<\/strong><\/td>\n<td style=\"text-align: center;\"><strong>START + BASIC<\/strong><\/td>\n<td style=\"text-align: center;\"><strong>START + MAX<\/strong><\/td>\n<\/tr>\n<tr>\n<td style=\"text-align: center;\"><strong>86 program\u016f<\/strong><\/td>\n<td style=\"text-align: center;\"><b>142 program\u016f<\/b><\/td>\n<td style=\"text-align: center;\"><strong>156 program\u016f<\/strong><\/td>\n<\/tr>\n<tr>\n<td style=\"text-align: center;\"><a class=\"continue-reading-link\" title=\"Programov\u00e1 nab\u00eddka MR\u0147OUS\" href=\"https:\/\/www.softex.cz\/sledovanitv-cz\/\" target=\"_blank\" rel=\"noopener\">Programov\u00e1 nab\u00eddka<i class=\"icon-right-dir\"><\/i><\/a><\/td>\n<td style=\"text-align: center;\"><a href=\"https:\/\/www.softex.cz\/sledovanitv-cz\/\">Programov\u00e1 nab\u00eddka<\/a><i class=\"icon-right-dir\"><\/i><\/td>\n<td style=\"text-align: center;\"><a class=\"continue-reading-link\" title=\"Programov\u00e1 nab\u00eddka KUKI TV V\u011aT\u0160\u00cd\" href=\"https:\/\/www.softex.cz\/sledovanitv-cz\/\" target=\"_blank\" rel=\"noopener\">Programov\u00e1 nab\u00eddka<i class=\"icon-right-dir\"><\/i><\/a><\/td>\n<\/tr>\n<tr id=\"cenyBack\">\n<td style=\"text-align: center;\"><strong>129 K\u010d<\/strong><\/td>\n<td style=\"text-align: center;\"><strong>508 K\u010d<\/strong><\/td>\n<td style=\"text-align: center;\"><strong>628 K\u010d<\/strong><\/td>\n<\/tr>\n<tr>\n<td colspan=\"3\">\n<ul>\n<li>chytr\u00e9 funkce (pozastaven\u00ed p\u0159ehr\u00e1v\u00e1n\u00ed, nahr\u00e1v\u00e1n\u00ed po\u0159ad\u016f, zp\u011btn\u00e9 p\u0159ehr\u00e1v\u00e1n\u00ed \u010di p\u0159ehr\u00e1v\u00e1n\u00ed na mobiln\u00edm za\u0159\u00edzen\u00ed)<\/li>\n<li>p\u0159ehr\u00e1v\u00e1n\u00ed TV i mimo domov na mobiln\u00edm za\u0159\u00edzen\u00ed (nap\u0159. na dovolen\u00e9 po cel\u00e9 EU)<\/li>\n<\/ul>\n<p style=\"text-align: center;\">volejte <strong>478 620 000<\/strong>, pi\u0161te <strong><a href=\"mailto:info@softex.cz\">info@softex.cz<\/a><\/strong><\/p>\n<\/td>\n<\/tr>\n<\/tbody>\n<\/table>\n<h1 style=\"text-align: center;\">Lep\u0161\u00ed.TV<\/h1>\n<table width=\"100%\">\n<tbody>\n<tr id=\"tarif\">\n<td style=\"text-align: center;\"><strong>Lep\u0161\u00ed.TV<\/strong><\/td>\n<\/tr>\n<tr>\n<td style=\"text-align: center;\"><strong>141 program\u016f<\/strong><\/td>\n<\/tr>\n<tr>\n<td style=\"text-align: center;\"><a href=\"https:\/\/www.softex.cz\/lepsitv\/\">Programov\u00e1 nab\u00eddka<\/a><i class=\"icon-right-dir\"><\/i><\/td>\n<\/tr>\n<tr id=\"cenyBack\">\n<td style=\"text-align: center;\"><strong>229 K\u010d<\/strong><\/td>\n<\/tr>\n<tr>\n<td colspan=\"3\">\n<ul>\n<li>chytr\u00e9 funkce (pozastaven\u00ed p\u0159ehr\u00e1v\u00e1n\u00ed, nahr\u00e1v\u00e1n\u00ed po\u0159ad\u016f, zp\u011btn\u00e9 p\u0159ehr\u00e1v\u00e1n\u00ed \u010di p\u0159ehr\u00e1v\u00e1n\u00ed na mobiln\u00edm za\u0159\u00edzen\u00ed)<\/li>\n<li>p\u0159ehr\u00e1v\u00e1n\u00ed TV i mimo domov na mobiln\u00edm za\u0159\u00edzen\u00ed (nap\u0159. na dovolen\u00e9 po cel\u00e9 EU)<\/li>\n<\/ul>\n<p style=\"text-align: center;\">volejte <strong>478 620 000<\/strong>, pi\u0161te <strong><a href=\"mailto:info@softex.cz\">info@softex.cz<\/a><\/strong><\/p>\n<\/td>\n<\/tr>\n<\/tbody>\n<\/table>\n<p style=\"text-align: center;\"><strong><a class=\"continue-reading-link\" title=\"Centrum objedn\u00e1vek\" href=\"http:\/\/www.softex.cz\" target=\"_blank\" rel=\"noopener\">Objednat televizi<\/a><\/strong><\/p>\n<p>V\u0161echny ceny jsou uvedeny ve v\u00fd\u0161i m\u011bs\u00ed\u010dn\u00edho poplatku za zvolenou slu\u017ebu, v\u010detn\u011b DPH, nen\u00ed-li stanoveno jinak.<\/p>\n","protected":false},"excerpt":{"rendered":"<p>KukiTV<\/p>\n<p>KUKI MEN\u0160\u00cd<br \/>\nKUKI V\u011aT\u0160\u00cd<\/p>\n<p>15 + 15 kan\u00e1l\u016f<br \/>\n30 + 30 kan\u00e1l\u016f<\/p>\n<p>Programov\u00e1 nab\u00eddka<br \/>\nProgramov\u00e1 nab\u00eddka<\/p>\n<p>Bal\u00ed\u010dky a roz\u0161\u00ed\u0159en\u00ed<br \/>\nBal\u00ed\u010dky a roz\u0161\u00ed\u0159en\u00ed<\/p>\n<p>Mo\u017enosti po\u0159\u00edzen\u00ed STB<br \/>\nMo\u017enosti po\u0159\u00edzen\u00ed STB<\/p>\n<p>200 K\u010d<br \/>\n400 K\u010d<\/p>\n<p>chytr\u00e9 funkce a voliteln\u00e9 kan\u00e1ly u tarif\u016f KUKI TV<br \/>\np\u0159ehr\u00e1v\u00e1n\u00ed i nahr\u00e1v\u00e1n\u00ed odvys\u00edlan\u00fdch po\u0159ad\u016f 48 hodin zp\u011btn\u011b &#8211; funk\u010dn\u00ed na v\u0161ech kan\u00e1lech<br \/>\novl\u00e1d\u00e1n\u00ed set-top boxu a p\u0159ehr\u00e1v\u00e1n\u00ed po\u0159ad\u016f prost\u0159ednictv\u00edm mobilu nebo tabletu<\/p>\n<p>volejte 478 620 000, pi\u0161te info@softex.cz<\/p>\n<p>SledovaniTV<\/p>\n<p>START<br \/>\nSTART + [&#8230;]<\/p>\n","protected":false},"author":1,"featured_media":0,"parent":90,"menu_order":0,"comment_status":"closed","ping_status":"open","template":"","meta":{"footnotes":""},"class_list":["post-113","page","type-page","status-publish","hentry"],"_links":{"self":[{"href":"https:\/\/www.sbdbilina.cz\/index.php?rest_route=\/wp\/v2\/pages\/113","targetHints":{"allow":["GET"]}}],"collection":[{"href":"https:\/\/www.sbdbilina.cz\/index.php?rest_route=\/wp\/v2\/pages"}],"about":[{"href":"https:\/\/www.sbdbilina.cz\/index.php?rest_route=\/wp\/v2\/types\/page"}],"author":[{"embeddable":true,"href":"https:\/\/www.sbdbilina.cz\/index.php?rest_route=\/wp\/v2\/users\/1"}],"replies":[{"embeddable":true,"href":"https:\/\/www.sbdbilina.cz\/index.php?rest_route=%2Fwp%2Fv2%2Fcomments&post=113"}],"version-history":[{"count":56,"href":"https:\/\/www.sbdbilina.cz\/index.php?rest_route=\/wp\/v2\/pages\/113\/revisions"}],"predecessor-version":[{"id":880,"href":"https:\/\/www.sbdbilina.cz\/index.php?rest_route=\/wp\/v2\/pages\/113\/revisions\/880"}],"up":[{"embeddable":true,"href":"https:\/\/www.sbdbilina.cz\/index.php?rest_route=\/wp\/v2\/pages\/90"}],"wp:attachment":[{"href":"https:\/\/www.sbdbilina.cz\/index.php?rest_route=%2Fwp%2Fv2%2Fmedia&parent=113"}],"curies":[{"name":"wp","href":"https:\/\/api.w.org\/{rel}","templated":true}]}}